{"id":1869,"date":"2025-09-03T14:59:54","date_gmt":"2025-09-03T14:59:54","guid":{"rendered":"https:\/\/cirque24.fr\/?page_id=1869"},"modified":"2026-02-26T17:02:10","modified_gmt":"2026-02-26T17:02:10","slug":"qui-sommes-nous","status":"publish","type":"page","link":"https:\/\/cirque24.fr\/?page_id=1869","title":{"rendered":"Qui sommes nous ?"},"content":{"rendered":"<p><strong>L&rsquo;\u00c9cole de Cirque de Boulazac<\/strong> est une association dirig\u00e9e par un Conseil d&rsquo;Administration (CA). Cet organe central assure le bon fonctionnement de l&rsquo;\u00e9cole et la coh\u00e9rence avec notre projet initial : rendre le cirque accessible \u00e0 tous.<\/p>\n<p><strong>Les membres du CA<\/strong> sont \u00e9lus pour un mandat de trois ans par nos adh\u00e9rents. Leur composition, volontairement diversifi\u00e9e, inclut des parents, des \u00e9l\u00e8ves, des professeurs des \u00e9coles et des passionn\u00e9s. Cette mixit\u00e9 nous permet de prendre des d\u00e9cisions qui refl\u00e8tent au mieux les besoins de notre association. Le CA se r\u00e9unit fr\u00e9quemment avec l&rsquo;\u00e9quipe de direction pour d\u00e9finir les orientations et organiser des groupes de travail th\u00e9matiques.<\/p>\n<p><strong>Notre \u00e9quipe p\u00e9dagogique<\/strong><\/p>\n<p>Notre \u00e9quipe est le moteur de notre \u00e9cole. Compos\u00e9e d&rsquo;animateurs d\u00e9vou\u00e9s, elle place l&rsquo;individu au c\u0153ur de l&rsquo;apprentissage. Au-del\u00e0 des techniques de cirque, nos intervenants transmettent des valeurs essentielles : confiance en soi, pers\u00e9v\u00e9rance et respect mutuel.<\/p>\n<p><strong>Le r\u00f4le de l&rsquo;animateur<\/strong><\/p>\n<p>Chez nous, l&rsquo;animateur est bien plus qu&rsquo;un simple enseignant. C&rsquo;est un guide et un facilitateur qui cr\u00e9e un environnement d&rsquo;apprentissage s\u00e9curisant et inclusif. Il encourage l&rsquo;exp\u00e9rimentation et l&rsquo;autonomie, permettant \u00e0 chacun d&rsquo;apprendre sans crainte de l&rsquo;\u00e9chec. Ce r\u00f4le est au c\u0153ur de notre engagement dans le mouvement de l&rsquo;\u00e9ducation populaire, qui vise \u00e0 rendre la culture et le savoir accessibles \u00e0 tous.<\/p>\n<p><strong>Membres du Conseil d&rsquo;Administration<\/strong><\/p>\n<ul>\n<li>David Martinez (Pr\u00e9sident)<\/li>\n<li>Claire Gallot-Lavall\u00e9e (Tr\u00e9sori\u00e8re)<\/li>\n<li>Alexandre Chassaing<\/li>\n<li>Gr\u00e9gory Laval<\/li>\n<li>Blandine Hecquet<\/li>\n<li>David Choury<\/li>\n<li>S\u00e9verine Guillaumard<\/li>\n<li>Sandra Solinhac<\/li>\n<\/ul>\n<p><strong>Notre directeur et nos animateurs<\/strong><\/p>\n<ul>\n<li><strong>Kader Belbachir<\/strong> \u00a0&#8211; Directeur de l&rsquo;\u00e9cole depuis plus de 15 ans, Kader poss\u00e8de une longue exp\u00e9rience et une solide formation p\u00e9dagogique (B.E.A.T.E.P. en cirque et cirque adapt\u00e9) ainsi qu&rsquo;en administration des structures du spectacle vivant. C&rsquo;est un v\u00e9ritable passionn\u00e9 qui a \u00e0 c\u0153ur de mettre le cirque \u00e0 la port\u00e9e de tous.<\/li>\n<li><strong>Swann <\/strong>&#8211; Animatrice Depuis pr\u00e8s de 4 ans, Swann partage sa polyvalence avec l&rsquo;\u00e9cole. Dipl\u00f4m\u00e9e d&rsquo;un BPJEPS en activit\u00e9s du cirque, elle excelle dans de nombreuses disciplines.<\/li>\n<li><strong>Brayan<\/strong> &#8211; Animateur Titulaire d&rsquo;un BPJEPS en activit\u00e9s du cirque, Brayan apporte une solide exp\u00e9rience et une formation qui lui permettent d&rsquo;encadrer une grande vari\u00e9t\u00e9 de disciplines.<\/li>\n<li><strong>Selma<\/strong> &#8211; Animatrice en formation Ancienne \u00e9l\u00e8ve, Selma est de retour pour son BPJEPS en contrat d&rsquo;apprentissage. C&rsquo;est l&rsquo;opportunit\u00e9 pour elle d&rsquo;allier l&rsquo;apprentissage th\u00e9orique \u00e0 une exp\u00e9rience pratique concr\u00e8te.<\/li>\n<li><strong>Johana<\/strong> &#8211; Volontaire en Service Civique Ancienne \u00e9l\u00e8ve de l&rsquo;\u00e9cole, Johana nous a rejoints pour une ann\u00e9e de Service Civique. Elle met sa passion au service de la vie de l&rsquo;\u00e9cole et d\u00e9couvre ainsi l&rsquo;envers du d\u00e9cor.<\/li>\n<\/ul>\n<p>&nbsp;<\/p>\n<div style='text-align:left' class='yasr-auto-insert-visitor'><!--Yasr Visitor Votes Shortcode--><div id='yasr_visitor_votes_a9f7616a56419' class='yasr-visitor-votes'><div id='yasr-vv-second-row-container-a9f7616a56419'\r\n                                        class='yasr-vv-second-row-container'><div id='yasr-visitor-votes-rater-a9f7616a56419'\r\n                                      class='yasr-rater-stars-vv'\r\n                                      data-rater-postid='1869'\r\n                                      data-rating='5'\r\n                                      data-rater-starsize='16'\r\n                                      data-rater-readonly='false'\r\n                                      data-rater-nonce='cd1bcf06e3'\r\n                                      data-issingular='false'\r\n                                    ><\/div><div class=\"yasr-vv-stats-text-container\" id=\"yasr-vv-stats-text-container-a9f7616a56419\"><span id=\"yasr-vv-text-container-a9f7616a56419\" class=\"yasr-vv-text-container\">   ...  <span id=\"yasr-vv-average-container-a9f7616a56419\">5<\/span> \/ 5<\/span><\/div><div id='yasr-vv-loader-a9f7616a56419' class='yasr-vv-container-loader'><\/div><\/div><div id='yasr-vv-bottom-container-a9f7616a56419'\r\n                              class='yasr-vv-bottom-container'\r\n                              style='display:none'><\/div><\/div><!--End Yasr Visitor Votes Shortcode--><\/div>","protected":false},"excerpt":{"rendered":"<p>L&rsquo;\u00c9cole de Cirque de Boulazac est une association dirig\u00e9e par un Conseil d&rsquo;Administration (CA). Cet organe central assure le bon fonctionnement de l&rsquo;\u00e9cole et la coh\u00e9rence avec notre projet initial : rendre<a class=\"moretag\" href=\"https:\/\/cirque24.fr\/?page_id=1869\">Read More&#8230;<\/a><\/p>\n","protected":false},"author":1,"featured_media":0,"parent":0,"menu_order":0,"comment_status":"closed","ping_status":"closed","template":"","meta":{"_uag_custom_page_level_css":"","jetpack_post_was_ever_published":false,"yasr_overall_rating":0,"yasr_post_is_review":"","yasr_auto_insert_disabled":"","yasr_review_type":"","footnotes":""},"class_list":["post-1869","page","type-page","status-publish","hentry"],"yoast_head":"<!-- This site is optimized with the Yoast SEO plugin v26.6 - https:\/\/yoast.com\/wordpress\/plugins\/seo\/ -->\n<title>Qui sommes nous ? - Ecole des arts du cirque de Boulazac - P\u00e9rigueux<\/title>\n<meta name=\"description\" content=\"L&#039;\u00c9cole de Cirque de Boulazac est une association dirig\u00e9e par un Conseil d&#039;Administration (CA). Cet organe central assure le bon fonctionnement de l&#039;\u00e9cole\" \/>\n<meta name=\"robots\" content=\"index, follow, max-snippet:-1, max-image-preview:large, max-video-preview:-1\" \/>\n<link rel=\"canonical\" href=\"https:\/\/cirque24.fr\/?page_id=1869\" \/>\n<meta property=\"og:locale\" content=\"fr_FR\" \/>\n<meta property=\"og:type\" content=\"article\" \/>\n<meta property=\"og:title\" content=\"Qui sommes nous ? - Ecole des arts du cirque de Boulazac - P\u00e9rigueux\" \/>\n<meta property=\"og:description\" content=\"L&#039;\u00c9cole de Cirque de Boulazac est une association dirig\u00e9e par un Conseil d&#039;Administration (CA). Cet organe central assure le bon fonctionnement de l&#039;\u00e9cole\" \/>\n<meta property=\"og:url\" content=\"https:\/\/cirque24.fr\/?page_id=1869\" \/>\n<meta property=\"og:site_name\" content=\"Ecole des arts du cirque de Boulazac - P\u00e9rigueux\" \/>\n<meta property=\"article:publisher\" content=\"https:\/\/www.facebook.com\/Ecole-des-arts-du-cirque-de-Boulazac-450455762004946\/\" \/>\n<meta property=\"article:modified_time\" content=\"2026-02-26T17:02:10+00:00\" \/>\n<meta property=\"og:image\" content=\"https:\/\/i0.wp.com\/cirque24.fr\/wp-content\/uploads\/2017\/06\/cirque-boulazac.jpg?fit=591%2C591&ssl=1\" \/>\n\t<meta property=\"og:image:width\" content=\"591\" \/>\n\t<meta property=\"og:image:height\" content=\"591\" \/>\n\t<meta property=\"og:image:type\" content=\"image\/jpeg\" \/>\n<meta name=\"twitter:card\" content=\"summary_large_image\" \/>\n<meta name=\"twitter:label1\" content=\"Dur\u00e9e de lecture estim\u00e9e\" \/>\n\t<meta name=\"twitter:data1\" content=\"3 minutes\" \/>\n<script type=\"application\/ld+json\" class=\"yoast-schema-graph\">{\"@context\":\"https:\/\/schema.org\",\"@graph\":[{\"@type\":\"WebPage\",\"@id\":\"https:\/\/cirque24.fr\/?page_id=1869\",\"url\":\"https:\/\/cirque24.fr\/?page_id=1869\",\"name\":\"Qui sommes nous ? - Ecole des arts du cirque de Boulazac - P\u00e9rigueux\",\"isPartOf\":{\"@id\":\"https:\/\/cirque24.fr\/#website\"},\"datePublished\":\"2025-09-03T14:59:54+00:00\",\"dateModified\":\"2026-02-26T17:02:10+00:00\",\"description\":\"L'\u00c9cole de Cirque de Boulazac est une association dirig\u00e9e par un Conseil d'Administration (CA). Cet organe central assure le bon fonctionnement de l'\u00e9cole\",\"breadcrumb\":{\"@id\":\"https:\/\/cirque24.fr\/?page_id=1869#breadcrumb\"},\"inLanguage\":\"fr-FR\",\"potentialAction\":[{\"@type\":\"ReadAction\",\"target\":[\"https:\/\/cirque24.fr\/?page_id=1869\"]}]},{\"@type\":\"BreadcrumbList\",\"@id\":\"https:\/\/cirque24.fr\/?page_id=1869#breadcrumb\",\"itemListElement\":[{\"@type\":\"ListItem\",\"position\":1,\"name\":\"Accueil\",\"item\":\"https:\/\/cirque24.fr\/\"},{\"@type\":\"ListItem\",\"position\":2,\"name\":\"Qui sommes nous ?\"}]},{\"@type\":\"WebSite\",\"@id\":\"https:\/\/cirque24.fr\/#website\",\"url\":\"https:\/\/cirque24.fr\/\",\"name\":\"Ecole des arts du cirque de Boulazac - P\u00e9rigueux\",\"description\":\"Ecole de cirque, cours et stages - P\u00e9rigueux - Boulazac -  Dordogne - Futurs jongleurs, acrobates, fildef\u00e9ristes...  Bienvenue !\",\"publisher\":{\"@id\":\"https:\/\/cirque24.fr\/#organization\"},\"potentialAction\":[{\"@type\":\"SearchAction\",\"target\":{\"@type\":\"EntryPoint\",\"urlTemplate\":\"https:\/\/cirque24.fr\/?s={search_term_string}\"},\"query-input\":{\"@type\":\"PropertyValueSpecification\",\"valueRequired\":true,\"valueName\":\"search_term_string\"}}],\"inLanguage\":\"fr-FR\"},{\"@type\":\"Organization\",\"@id\":\"https:\/\/cirque24.fr\/#organization\",\"name\":\"Centre des arts du Cirque de P\u00e9rigueux - Boulazac\",\"url\":\"https:\/\/cirque24.fr\/\",\"logo\":{\"@type\":\"ImageObject\",\"inLanguage\":\"fr-FR\",\"@id\":\"https:\/\/cirque24.fr\/#\/schema\/logo\/image\/\",\"url\":\"https:\/\/i2.wp.com\/cirque24.fr\/wp-content\/uploads\/2017\/06\/cirque-boulazac.png?fit=591%2C591\",\"contentUrl\":\"https:\/\/i2.wp.com\/cirque24.fr\/wp-content\/uploads\/2017\/06\/cirque-boulazac.png?fit=591%2C591\",\"width\":591,\"height\":591,\"caption\":\"Centre des arts du Cirque de P\u00e9rigueux - Boulazac\"},\"image\":{\"@id\":\"https:\/\/cirque24.fr\/#\/schema\/logo\/image\/\"},\"sameAs\":[\"https:\/\/www.facebook.com\/Ecole-des-arts-du-cirque-de-Boulazac-450455762004946\/\"]},{\"@context\":\"https:\/\/schema.org\/\",\"@type\":\"Product\",\"name\":\"Qui sommes nous ?\",\"description\":\"\",\"image\":{\"@type\":\"ImageObject\",\"url\":\"https:\/\/cirque24.fr\/wp-content\/uploads\/2026\/02\/cropped-Design-sans-titre-1.png\",\"width\":512,\"height\":512},\"aggregateRating\":{\"@type\":\"AggregateRating\",\"ratingValue\":5,\"ratingCount\":1,\"bestRating\":5,\"worstRating\":1},\"brand\":{\"@type\":\"Brand\",\"name\":\"\"},\"sku\":\"\",\"\":\"\"}]}<\/script>\n<!-- \/ Yoast SEO plugin. -->","yoast_head_json":{"title":"Qui sommes nous ? - Ecole des arts du cirque de Boulazac - P\u00e9rigueux","description":"L'\u00c9cole de Cirque de Boulazac est une association dirig\u00e9e par un Conseil d'Administration (CA). Cet organe central assure le bon fonctionnement de l'\u00e9cole","robots":{"index":"index","follow":"follow","max-snippet":"max-snippet:-1","max-image-preview":"max-image-preview:large","max-video-preview":"max-video-preview:-1"},"canonical":"https:\/\/cirque24.fr\/?page_id=1869","og_locale":"fr_FR","og_type":"article","og_title":"Qui sommes nous ? - Ecole des arts du cirque de Boulazac - P\u00e9rigueux","og_description":"L'\u00c9cole de Cirque de Boulazac est une association dirig\u00e9e par un Conseil d'Administration (CA). Cet organe central assure le bon fonctionnement de l'\u00e9cole","og_url":"https:\/\/cirque24.fr\/?page_id=1869","og_site_name":"Ecole des arts du cirque de Boulazac - P\u00e9rigueux","article_publisher":"https:\/\/www.facebook.com\/Ecole-des-arts-du-cirque-de-Boulazac-450455762004946\/","article_modified_time":"2026-02-26T17:02:10+00:00","og_image":[{"width":591,"height":591,"url":"https:\/\/i0.wp.com\/cirque24.fr\/wp-content\/uploads\/2017\/06\/cirque-boulazac.jpg?fit=591%2C591&ssl=1","type":"image\/jpeg"}],"twitter_card":"summary_large_image","twitter_misc":{"Dur\u00e9e de lecture estim\u00e9e":"3 minutes"},"schema":{"@context":"https:\/\/schema.org","@graph":[{"@type":"WebPage","@id":"https:\/\/cirque24.fr\/?page_id=1869","url":"https:\/\/cirque24.fr\/?page_id=1869","name":"Qui sommes nous ? - Ecole des arts du cirque de Boulazac - P\u00e9rigueux","isPartOf":{"@id":"https:\/\/cirque24.fr\/#website"},"datePublished":"2025-09-03T14:59:54+00:00","dateModified":"2026-02-26T17:02:10+00:00","description":"L'\u00c9cole de Cirque de Boulazac est une association dirig\u00e9e par un Conseil d'Administration (CA). Cet organe central assure le bon fonctionnement de l'\u00e9cole","breadcrumb":{"@id":"https:\/\/cirque24.fr\/?page_id=1869#breadcrumb"},"inLanguage":"fr-FR","potentialAction":[{"@type":"ReadAction","target":["https:\/\/cirque24.fr\/?page_id=1869"]}]},{"@type":"BreadcrumbList","@id":"https:\/\/cirque24.fr\/?page_id=1869#breadcrumb","itemListElement":[{"@type":"ListItem","position":1,"name":"Accueil","item":"https:\/\/cirque24.fr\/"},{"@type":"ListItem","position":2,"name":"Qui sommes nous ?"}]},{"@type":"WebSite","@id":"https:\/\/cirque24.fr\/#website","url":"https:\/\/cirque24.fr\/","name":"Ecole des arts du cirque de Boulazac - P\u00e9rigueux","description":"Ecole de cirque, cours et stages - P\u00e9rigueux - Boulazac -  Dordogne - Futurs jongleurs, acrobates, fildef\u00e9ristes...  Bienvenue !","publisher":{"@id":"https:\/\/cirque24.fr\/#organization"},"potentialAction":[{"@type":"SearchAction","target":{"@type":"EntryPoint","urlTemplate":"https:\/\/cirque24.fr\/?s={search_term_string}"},"query-input":{"@type":"PropertyValueSpecification","valueRequired":true,"valueName":"search_term_string"}}],"inLanguage":"fr-FR"},{"@type":"Organization","@id":"https:\/\/cirque24.fr\/#organization","name":"Centre des arts du Cirque de P\u00e9rigueux - Boulazac","url":"https:\/\/cirque24.fr\/","logo":{"@type":"ImageObject","inLanguage":"fr-FR","@id":"https:\/\/cirque24.fr\/#\/schema\/logo\/image\/","url":"https:\/\/i2.wp.com\/cirque24.fr\/wp-content\/uploads\/2017\/06\/cirque-boulazac.png?fit=591%2C591","contentUrl":"https:\/\/i2.wp.com\/cirque24.fr\/wp-content\/uploads\/2017\/06\/cirque-boulazac.png?fit=591%2C591","width":591,"height":591,"caption":"Centre des arts du Cirque de P\u00e9rigueux - Boulazac"},"image":{"@id":"https:\/\/cirque24.fr\/#\/schema\/logo\/image\/"},"sameAs":["https:\/\/www.facebook.com\/Ecole-des-arts-du-cirque-de-Boulazac-450455762004946\/"]},{"@context":"https:\/\/schema.org\/","@type":"Product","name":"Qui sommes nous ?","description":"","image":{"@type":"ImageObject","url":"https:\/\/cirque24.fr\/wp-content\/uploads\/2026\/02\/cropped-Design-sans-titre-1.png","width":512,"height":512},"aggregateRating":{"@type":"AggregateRating","ratingValue":5,"ratingCount":1,"bestRating":5,"worstRating":1},"brand":{"@type":"Brand","name":""},"sku":"","":""}]}},"yasr_visitor_votes":{"stars_attributes":{"read_only":false,"span_bottom":false},"number_of_votes":1,"sum_votes":5},"uagb_featured_image_src":{"full":false,"thumbnail":false,"medium":false,"medium_large":false,"large":false,"1536x1536":false,"2048x2048":false,"post-thumbnail":false,"iexcel-single-thumb":false},"uagb_author_info":{"display_name":"admin4641","author_link":"https:\/\/cirque24.fr\/?author=1"},"uagb_comment_info":0,"uagb_excerpt":"L&rsquo;\u00c9cole de Cirque de Boulazac est une association dirig\u00e9e par un Conseil d&rsquo;Administration (CA). Cet organe central assure le bon fonctionnement de l&rsquo;\u00e9cole et la coh\u00e9rence avec notre projet initial : rendreRead More...","jetpack_shortlink":"https:\/\/wp.me\/P8Piee-u9","jetpack-related-posts":[{"id":30,"url":"https:\/\/cirque24.fr\/?page_id=30","url_meta":{"origin":1869,"position":0},"title":"L&rsquo;association","author":"admin4641","date":"09\/06\/2017","format":false,"excerpt":"L'ECB est une association \u00e0 but non lucratif qui a pour mission de soutenir le d\u00e9veloppement et la promotion des arts du cirque sous toutes ses formes. Nous sommes sp\u00e9cialis\u00e9s dans le domaine de l\u2019enseignement des arts du cirque, au travers de cours et de stages. Nous intervenons dans les\u2026","rel":"","context":"Article similaire","block_context":{"text":"Article similaire","link":""},"img":{"alt_text":"","src":"https:\/\/i0.wp.com\/cirque24.fr\/wp-content\/uploads\/2026\/02\/Design-sans-titre-13.png?fit=848%2C488&ssl=1&resize=350%2C200","width":350,"height":200,"srcset":"https:\/\/i0.wp.com\/cirque24.fr\/wp-content\/uploads\/2026\/02\/Design-sans-titre-13.png?fit=848%2C488&ssl=1&resize=350%2C200 1x, https:\/\/i0.wp.com\/cirque24.fr\/wp-content\/uploads\/2026\/02\/Design-sans-titre-13.png?fit=848%2C488&ssl=1&resize=525%2C300 1.5x, https:\/\/i0.wp.com\/cirque24.fr\/wp-content\/uploads\/2026\/02\/Design-sans-titre-13.png?fit=848%2C488&ssl=1&resize=700%2C400 2x"},"classes":[]},{"id":36,"url":"https:\/\/cirque24.fr\/?page_id=36","url_meta":{"origin":1869,"position":1},"title":"Les stages","author":"admin4641","date":"09\/06\/2017","format":false,"excerpt":"Les stages d'initiation et de d\u00e9couverte A chaque Vacances, l\u2019\u00e9cole de cirque de Boulazac organise des stages de d\u00e9couverte et d\u2019initiation aux arts du cirque pour les enfants \u00e0 partir de 5 ans. Ces stages se d\u00e9roulent sur une semaine du lundi au vendredi en demi-journ\u00e9e ou \u00e0 la journ\u00e9e.\u2026","rel":"","context":"Article similaire","block_context":{"text":"Article similaire","link":""},"img":{"alt_text":"\u00c9cole des arts du cirque de P\u00e9rigueux-Boulazac","src":"https:\/\/i0.wp.com\/cirque24.fr\/wp-content\/uploads\/2017\/06\/cirque-perigueux-boulazac-5.jpg?fit=1170%2C210&ssl=1&resize=350%2C200","width":350,"height":200,"srcset":"https:\/\/i0.wp.com\/cirque24.fr\/wp-content\/uploads\/2017\/06\/cirque-perigueux-boulazac-5.jpg?fit=1170%2C210&ssl=1&resize=350%2C200 1x, https:\/\/i0.wp.com\/cirque24.fr\/wp-content\/uploads\/2017\/06\/cirque-perigueux-boulazac-5.jpg?fit=1170%2C210&ssl=1&resize=525%2C300 1.5x, https:\/\/i0.wp.com\/cirque24.fr\/wp-content\/uploads\/2017\/06\/cirque-perigueux-boulazac-5.jpg?fit=1170%2C210&ssl=1&resize=700%2C400 2x, https:\/\/i0.wp.com\/cirque24.fr\/wp-content\/uploads\/2017\/06\/cirque-perigueux-boulazac-5.jpg?fit=1170%2C210&ssl=1&resize=1050%2C600 3x"},"classes":[]},{"id":20,"url":"https:\/\/cirque24.fr\/?page_id=20","url_meta":{"origin":1869,"position":2},"title":"Les cours","author":"admin4641","date":"09\/06\/2017","format":false,"excerpt":"Cours hebdomadaires : Enfants et jeunes amateurs Activit\u00e9 principale, l\u2019\u00e9cole amateur est ouverte toute l\u2019ann\u00e9e. Chaque ann\u00e9e, l\u2019\u00e9cole accueille plus de 250 \u00e9l\u00e8ves enfants et adultes. Nous mettons en \u0153uvre des cours de cirque pluridisciplinaires (de 1h \u00e0 2h) pendant les p\u00e9riodes scolaires en soir\u00e9e et le week-end. Chez les\u2026","rel":"","context":"Article similaire","block_context":{"text":"Article similaire","link":""},"img":{"alt_text":"","src":"https:\/\/i0.wp.com\/cirque24.fr\/wp-content\/uploads\/2026\/02\/chap-site-3-scaled.jpg?fit=1200%2C529&ssl=1&resize=350%2C200","width":350,"height":200,"srcset":"https:\/\/i0.wp.com\/cirque24.fr\/wp-content\/uploads\/2026\/02\/chap-site-3-scaled.jpg?fit=1200%2C529&ssl=1&resize=350%2C200 1x, https:\/\/i0.wp.com\/cirque24.fr\/wp-content\/uploads\/2026\/02\/chap-site-3-scaled.jpg?fit=1200%2C529&ssl=1&resize=525%2C300 1.5x, https:\/\/i0.wp.com\/cirque24.fr\/wp-content\/uploads\/2026\/02\/chap-site-3-scaled.jpg?fit=1200%2C529&ssl=1&resize=700%2C400 2x, https:\/\/i0.wp.com\/cirque24.fr\/wp-content\/uploads\/2026\/02\/chap-site-3-scaled.jpg?fit=1200%2C529&ssl=1&resize=1050%2C600 3x"},"classes":[]},{"id":2080,"url":"https:\/\/cirque24.fr\/?page_id=2080","url_meta":{"origin":1869,"position":3},"title":"S\u00e9jours avec h\u00e9bergement \u00ab\u00a0Colocirque\u00a0\u00bb","author":"admin4641","date":"17\/12\/2025","format":false,"excerpt":"Colocirque 2026 S\u00e9jour artistique & culturel \u2013 Arts du cirque \ud83d\udccd Boulazac-Isle-Manoire\ud83d\udcc5 Du 20 au 26 juillet 2026\ud83d\udc67\ud83e\uddd2 Jeunes de 8 \u00e0 15 ans Site internet : https:\/\/colocirque.fr Un s\u00e9jour pour cr\u00e9er, vivre et partager le cirque Colocirque est un s\u00e9jour artistique et culturel imagin\u00e9 par l\u2019\u00c9cole de Cirque de\u2026","rel":"","context":"Article similaire","block_context":{"text":"Article similaire","link":""},"img":{"alt_text":"","src":"https:\/\/i0.wp.com\/cirque24.fr\/wp-content\/uploads\/2026\/03\/Copie-de-Affiche-Centre-Aere-Enfants-Vert-et-Bleu-212x300.png?resize=350%2C200&ssl=1","width":350,"height":200},"classes":[]},{"id":45,"url":"https:\/\/cirque24.fr\/","url_meta":{"origin":1869,"position":4},"title":"Actualit\u00e9 de l&rsquo;\u00e9cole du cirque","author":"admin4641","date":"09\/06\/2017","format":false,"excerpt":"Vacances d'avril 2026 \u00a0 Dossier vacances P\u00e2ques 2026 Ou remplissez le formulaire en ligne : Dossier vacances \u00e9t\u00e9 2026 Ou remplissez le formulaire en ligne : \u00a0Email : cirque24@hotmail.com \u00a0 \u00a0 Bienvenue \u00e0 l\u2019\u00e9cole des arts du cirque de Boulazac \/ P\u00e9rigueux ! Inscriptions Ann\u00e9e Scolaire 2025-2026 : Renseignements. :\u2026","rel":"","context":"Article similaire","block_context":{"text":"Article similaire","link":""},"img":{"alt_text":"","src":"https:\/\/i0.wp.com\/cirque24.fr\/wp-content\/uploads\/2026\/02\/1-212x300.png?resize=350%2C200&ssl=1","width":350,"height":200},"classes":[]},{"id":1831,"url":"https:\/\/cirque24.fr\/?page_id=1831","url_meta":{"origin":1869,"position":5},"title":"partenaires","author":"admin4641","date":"22\/07\/2025","format":false,"excerpt":"Partenaires institutionnels Mairie de Boulazac : Soutien au fonctionnement et mise \u00e0 disposition du chapiteau. SDJES 24 - FDVA 2 : aide sur \"le fonctionnement global\" et \"les actions innovantes\" Communaut\u00e9 d'agglom\u00e9ration du Grand P\u00e9rigueux : Soutien aux manifestations culturelles et sportives CONSEIL DEPARTEMENTAL DORDOGNE-PERIGORD : Soutien au fonctionnement R\u00e9gion\u2026","rel":"","context":"Article similaire","block_context":{"text":"Article similaire","link":""},"img":{"alt_text":"","src":"https:\/\/i0.wp.com\/cirque24.fr\/wp-content\/uploads\/2026\/02\/Design-sans-titre-10.png?fit=844%2C488&ssl=1&resize=350%2C200","width":350,"height":200,"srcset":"https:\/\/i0.wp.com\/cirque24.fr\/wp-content\/uploads\/2026\/02\/Design-sans-titre-10.png?fit=844%2C488&ssl=1&resize=350%2C200 1x, https:\/\/i0.wp.com\/cirque24.fr\/wp-content\/uploads\/2026\/02\/Design-sans-titre-10.png?fit=844%2C488&ssl=1&resize=525%2C300 1.5x, https:\/\/i0.wp.com\/cirque24.fr\/wp-content\/uploads\/2026\/02\/Design-sans-titre-10.png?fit=844%2C488&ssl=1&resize=700%2C400 2x"},"classes":[]}],"jetpack_sharing_enabled":true,"_links":{"self":[{"href":"https:\/\/cirque24.fr\/index.php?rest_route=\/wp\/v2\/pages\/1869","targetHints":{"allow":["GET"]}}],"collection":[{"href":"https:\/\/cirque24.fr\/index.php?rest_route=\/wp\/v2\/pages"}],"about":[{"href":"https:\/\/cirque24.fr\/index.php?rest_route=\/wp\/v2\/types\/page"}],"author":[{"embeddable":true,"href":"https:\/\/cirque24.fr\/index.php?rest_route=\/wp\/v2\/users\/1"}],"replies":[{"embeddable":true,"href":"https:\/\/cirque24.fr\/index.php?rest_route=%2Fwp%2Fv2%2Fcomments&post=1869"}],"version-history":[{"count":0,"href":"https:\/\/cirque24.fr\/index.php?rest_route=\/wp\/v2\/pages\/1869\/revisions"}],"wp:attachment":[{"href":"https:\/\/cirque24.fr\/index.php?rest_route=%2Fwp%2Fv2%2Fmedia&parent=1869"}],"curies":[{"name":"wp","href":"https:\/\/api.w.org\/{rel}","templated":true}]}}