{"id":30,"date":"2017-06-09T20:35:40","date_gmt":"2017-06-09T18:35:40","guid":{"rendered":"http:\/\/cirque24.fr\/?page_id=30"},"modified":"2026-02-26T16:35:55","modified_gmt":"2026-02-26T16:35:55","slug":"les-cours","status":"publish","type":"page","link":"https:\/\/cirque24.fr\/?page_id=30","title":{"rendered":"L&rsquo;association"},"content":{"rendered":"<p>L&rsquo;ECB est une association \u00e0 but non lucratif qui a pour mission de soutenir le d\u00e9veloppement et la promotion des arts du cirque sous toutes ses formes. Nous sommes sp\u00e9cialis\u00e9s dans le domaine de l\u2019enseignement des arts du cirque, au travers de cours et de stages. Nous intervenons dans les \u00e9tablissements scolaires de la Dordogne, ponctuellement pour des collectivit\u00e9s locales, des associations, mais aussi et surtout aupr\u00e8s des particuliers. (Voir statuts de l\u2019association en annexes).<\/p>\n<p>Notre principal objectif est d\u2019initier aux Arts du Cirque enfants, adolescents et adultes, en d\u00e9veloppant une activit\u00e9 o\u00f9 l\u2019individu trouve une harmonie entre le corps et l\u2019esprit.\u00a0 Plus pr\u00e9cis\u00e9ment, notre association s\u2019attache \u00e0 d\u00e9velopper l\u2019autonomie de la personne dans le groupe en m\u00eame temps que la coop\u00e9ration avec autrui \u2013 facteur d\u2019int\u00e9gration et de bien-\u00eatre social \u2013 et enfin trouver un endroit o\u00f9 l\u2019on puisse \u00e9chapper \u00e0 l\u2019esprit de comp\u00e9tition !<\/p>\n<p><strong>Mission principale de L&rsquo;\u00e9cole de cirque de Boulazac :<\/strong><\/p>\n<p><strong>L&rsquo;\u00c9DUCATION ARTISTIQUE ET CULTURELLE<\/strong><\/p>\n<p>L\u2019ECB met en place des programmes d\u2019\u00e9ducation artistique et culturelle pour tous \u00e2ges, niveaux et exp\u00e9riences. Elle d\u00e9fend une p\u00e9dagogie active, pluridisciplinaire et \u00e9thique favorisant la prise d\u2019initiative et l\u2019autonomie.<\/p>\n<p>Les projets d\u2019\u00e9ducation artistique et culturelle de l&rsquo;ECB comportent plusieurs volets : la pratique de disciplines artistiques, la d\u00e9couverte des m\u00e9tiers li\u00e9s \u00e0 ces disciplines, la rencontre avec des professionnels du secteur et leurs \u0153uvres : artistes du spectacle vivant.<\/p>\n<p>L&rsquo;ECB propose des cours, ateliers et stages aux arts du cirque aux enfants comme aux adultes. Notre \u00e9quipe p\u00e9dagogique accompagne plus de 250 \u00e9l\u00e8ves tout au long de l&rsquo;ann\u00e9e. Les offres de cours s\u2019adressent \u00e0 tous les \u00e2ges, et prennent en compte les situations de chacun :<\/p>\n<p>En parall\u00e8le de ces cours r\u00e9guliers, de nombreux stages sont propos\u00e9s pour approfondir ces disciplines, ou pour d\u00e9couvrir et en essayer d\u2019autres. L&rsquo;ECB propose notamment des mini stages Parents Enfants pour permettre \u00e0 un parent et un enfant de venir ensemble s\u2019initier aux arts du cirque, dans un environnement s\u00e9curis\u00e9 et chaleureux.<\/p>\n<p style=\"text-align: center;\"><span class=\"alignnone wp-image-257 \">\u00a0<\/span><\/p>\n<div style='text-align:left' class='yasr-auto-insert-visitor'><!--Yasr Visitor Votes Shortcode--><div id='yasr_visitor_votes_44b87922566f4' class='yasr-visitor-votes'><div id='yasr-vv-second-row-container-44b87922566f4'\r\n                                        class='yasr-vv-second-row-container'><div id='yasr-visitor-votes-rater-44b87922566f4'\r\n                                      class='yasr-rater-stars-vv'\r\n                                      data-rater-postid='30'\r\n                                      data-rating='3.6'\r\n                                      data-rater-starsize='16'\r\n                                      data-rater-readonly='false'\r\n                                      data-rater-nonce='cd1bcf06e3'\r\n                                      data-issingular='false'\r\n                                    ><\/div><div class=\"yasr-vv-stats-text-container\" id=\"yasr-vv-stats-text-container-44b87922566f4\"><span id=\"yasr-vv-text-container-44b87922566f4\" class=\"yasr-vv-text-container\">   ...  <span id=\"yasr-vv-average-container-44b87922566f4\">3.6<\/span> \/ 5<\/span><\/div><div id='yasr-vv-loader-44b87922566f4' class='yasr-vv-container-loader'><\/div><\/div><div id='yasr-vv-bottom-container-44b87922566f4'\r\n                              class='yasr-vv-bottom-container'\r\n                              style='display:none'><\/div><\/div><!--End Yasr Visitor Votes Shortcode--><\/div>","protected":false},"excerpt":{"rendered":"<p>L&rsquo;ECB est une association \u00e0 but non lucratif qui a pour mission de soutenir le d\u00e9veloppement et la promotion des arts du cirque sous toutes ses formes. Nous sommes sp\u00e9cialis\u00e9s dans le<a class=\"moretag\" href=\"https:\/\/cirque24.fr\/?page_id=30\">Read More&#8230;<\/a><\/p>\n","protected":false},"author":1,"featured_media":2181,"parent":0,"menu_order":0,"comment_status":"closed","ping_status":"closed","template":"","meta":{"_uag_custom_page_level_css":"","jetpack_post_was_ever_published":false,"yasr_overall_rating":0,"yasr_post_is_review":"","yasr_auto_insert_disabled":"","yasr_review_type":"","footnotes":""},"class_list":["post-30","page","type-page","status-publish","has-post-thumbnail","hentry"],"yoast_head":"<!-- This site is optimized with the Yoast SEO plugin v26.6 - https:\/\/yoast.com\/wordpress\/plugins\/seo\/ -->\n<title>L&#039;association - Ecole des arts du cirque de Boulazac - P\u00e9rigueux<\/title>\n<meta name=\"description\" content=\"Le centre des arts du cirque propose des ateliers de d\u00e9couverte et d\u2019initiation dont les objectifs sont de : Favoriser la d\u00e9couverte des arts du cirque...\" \/>\n<meta name=\"robots\" content=\"index, follow, max-snippet:-1, max-image-preview:large, max-video-preview:-1\" \/>\n<link rel=\"canonical\" href=\"https:\/\/cirque24.fr\/?page_id=30\" \/>\n<meta property=\"og:locale\" content=\"fr_FR\" \/>\n<meta property=\"og:type\" content=\"article\" \/>\n<meta property=\"og:title\" content=\"L&#039;association - Ecole des arts du cirque de Boulazac - P\u00e9rigueux\" \/>\n<meta property=\"og:description\" content=\"Le centre des arts du cirque propose des ateliers de d\u00e9couverte et d\u2019initiation dont les objectifs sont de : Favoriser la d\u00e9couverte des arts du cirque...\" \/>\n<meta property=\"og:url\" content=\"https:\/\/cirque24.fr\/?page_id=30\" \/>\n<meta property=\"og:site_name\" content=\"Ecole des arts du cirque de Boulazac - P\u00e9rigueux\" \/>\n<meta property=\"article:publisher\" content=\"https:\/\/www.facebook.com\/Ecole-des-arts-du-cirque-de-Boulazac-450455762004946\/\" \/>\n<meta property=\"article:modified_time\" content=\"2026-02-26T16:35:55+00:00\" \/>\n<meta property=\"og:image\" content=\"https:\/\/cirque24.fr\/wp-content\/uploads\/2026\/02\/Design-sans-titre-13.png\" \/>\n\t<meta property=\"og:image:width\" content=\"848\" \/>\n\t<meta property=\"og:image:height\" content=\"488\" \/>\n\t<meta property=\"og:image:type\" content=\"image\/png\" \/>\n<meta name=\"twitter:card\" content=\"summary_large_image\" \/>\n<meta name=\"twitter:label1\" content=\"Dur\u00e9e de lecture estim\u00e9e\" \/>\n\t<meta name=\"twitter:data1\" content=\"2 minutes\" \/>\n<script type=\"application\/ld+json\" class=\"yoast-schema-graph\">{\"@context\":\"https:\/\/schema.org\",\"@graph\":[{\"@type\":\"WebPage\",\"@id\":\"https:\/\/cirque24.fr\/?page_id=30\",\"url\":\"https:\/\/cirque24.fr\/?page_id=30\",\"name\":\"L'association - Ecole des arts du cirque de Boulazac - P\u00e9rigueux\",\"isPartOf\":{\"@id\":\"https:\/\/cirque24.fr\/#website\"},\"primaryImageOfPage\":{\"@id\":\"https:\/\/cirque24.fr\/?page_id=30#primaryimage\"},\"image\":{\"@id\":\"https:\/\/cirque24.fr\/?page_id=30#primaryimage\"},\"thumbnailUrl\":\"https:\/\/i0.wp.com\/cirque24.fr\/wp-content\/uploads\/2026\/02\/Design-sans-titre-13.png?fit=848%2C488&ssl=1\",\"datePublished\":\"2017-06-09T18:35:40+00:00\",\"dateModified\":\"2026-02-26T16:35:55+00:00\",\"description\":\"Le centre des arts du cirque propose des ateliers de d\u00e9couverte et d\u2019initiation dont les objectifs sont de : Favoriser la d\u00e9couverte des arts du cirque...\",\"breadcrumb\":{\"@id\":\"https:\/\/cirque24.fr\/?page_id=30#breadcrumb\"},\"inLanguage\":\"fr-FR\",\"potentialAction\":[{\"@type\":\"ReadAction\",\"target\":[\"https:\/\/cirque24.fr\/?page_id=30\"]}]},{\"@type\":\"ImageObject\",\"inLanguage\":\"fr-FR\",\"@id\":\"https:\/\/cirque24.fr\/?page_id=30#primaryimage\",\"url\":\"https:\/\/i0.wp.com\/cirque24.fr\/wp-content\/uploads\/2026\/02\/Design-sans-titre-13.png?fit=848%2C488&ssl=1\",\"contentUrl\":\"https:\/\/i0.wp.com\/cirque24.fr\/wp-content\/uploads\/2026\/02\/Design-sans-titre-13.png?fit=848%2C488&ssl=1\",\"width\":848,\"height\":488},{\"@type\":\"BreadcrumbList\",\"@id\":\"https:\/\/cirque24.fr\/?page_id=30#breadcrumb\",\"itemListElement\":[{\"@type\":\"ListItem\",\"position\":1,\"name\":\"Accueil\",\"item\":\"https:\/\/cirque24.fr\/\"},{\"@type\":\"ListItem\",\"position\":2,\"name\":\"L&rsquo;association\"}]},{\"@type\":\"WebSite\",\"@id\":\"https:\/\/cirque24.fr\/#website\",\"url\":\"https:\/\/cirque24.fr\/\",\"name\":\"Ecole des arts du cirque de Boulazac - P\u00e9rigueux\",\"description\":\"Ecole de cirque, cours et stages - P\u00e9rigueux - Boulazac -  Dordogne - Futurs jongleurs, acrobates, fildef\u00e9ristes...  Bienvenue !\",\"publisher\":{\"@id\":\"https:\/\/cirque24.fr\/#organization\"},\"potentialAction\":[{\"@type\":\"SearchAction\",\"target\":{\"@type\":\"EntryPoint\",\"urlTemplate\":\"https:\/\/cirque24.fr\/?s={search_term_string}\"},\"query-input\":{\"@type\":\"PropertyValueSpecification\",\"valueRequired\":true,\"valueName\":\"search_term_string\"}}],\"inLanguage\":\"fr-FR\"},{\"@type\":\"Organization\",\"@id\":\"https:\/\/cirque24.fr\/#organization\",\"name\":\"Centre des arts du Cirque de P\u00e9rigueux - Boulazac\",\"url\":\"https:\/\/cirque24.fr\/\",\"logo\":{\"@type\":\"ImageObject\",\"inLanguage\":\"fr-FR\",\"@id\":\"https:\/\/cirque24.fr\/#\/schema\/logo\/image\/\",\"url\":\"https:\/\/i2.wp.com\/cirque24.fr\/wp-content\/uploads\/2017\/06\/cirque-boulazac.png?fit=591%2C591\",\"contentUrl\":\"https:\/\/i2.wp.com\/cirque24.fr\/wp-content\/uploads\/2017\/06\/cirque-boulazac.png?fit=591%2C591\",\"width\":591,\"height\":591,\"caption\":\"Centre des arts du Cirque de P\u00e9rigueux - Boulazac\"},\"image\":{\"@id\":\"https:\/\/cirque24.fr\/#\/schema\/logo\/image\/\"},\"sameAs\":[\"https:\/\/www.facebook.com\/Ecole-des-arts-du-cirque-de-Boulazac-450455762004946\/\"]},{\"@context\":\"https:\/\/schema.org\/\",\"@type\":\"Product\",\"name\":\"L'association\",\"description\":\"\",\"image\":{\"@type\":\"ImageObject\",\"url\":\"https:\/\/cirque24.fr\/wp-content\/uploads\/2026\/02\/Design-sans-titre-13.png\",\"width\":848,\"height\":488},\"aggregateRating\":{\"@type\":\"AggregateRating\",\"ratingValue\":3.6,\"ratingCount\":28,\"bestRating\":5,\"worstRating\":1},\"brand\":{\"@type\":\"Brand\",\"name\":\"\"},\"sku\":\"\",\"gtin8\":\"\"}]}<\/script>\n<!-- \/ Yoast SEO plugin. -->","yoast_head_json":{"title":"L'association - Ecole des arts du cirque de Boulazac - P\u00e9rigueux","description":"Le centre des arts du cirque propose des ateliers de d\u00e9couverte et d\u2019initiation dont les objectifs sont de : Favoriser la d\u00e9couverte des arts du cirque...","robots":{"index":"index","follow":"follow","max-snippet":"max-snippet:-1","max-image-preview":"max-image-preview:large","max-video-preview":"max-video-preview:-1"},"canonical":"https:\/\/cirque24.fr\/?page_id=30","og_locale":"fr_FR","og_type":"article","og_title":"L'association - Ecole des arts du cirque de Boulazac - P\u00e9rigueux","og_description":"Le centre des arts du cirque propose des ateliers de d\u00e9couverte et d\u2019initiation dont les objectifs sont de : Favoriser la d\u00e9couverte des arts du cirque...","og_url":"https:\/\/cirque24.fr\/?page_id=30","og_site_name":"Ecole des arts du cirque de Boulazac - P\u00e9rigueux","article_publisher":"https:\/\/www.facebook.com\/Ecole-des-arts-du-cirque-de-Boulazac-450455762004946\/","article_modified_time":"2026-02-26T16:35:55+00:00","og_image":[{"width":848,"height":488,"url":"https:\/\/cirque24.fr\/wp-content\/uploads\/2026\/02\/Design-sans-titre-13.png","type":"image\/png"}],"twitter_card":"summary_large_image","twitter_misc":{"Dur\u00e9e de lecture estim\u00e9e":"2 minutes"},"schema":{"@context":"https:\/\/schema.org","@graph":[{"@type":"WebPage","@id":"https:\/\/cirque24.fr\/?page_id=30","url":"https:\/\/cirque24.fr\/?page_id=30","name":"L'association - Ecole des arts du cirque de Boulazac - P\u00e9rigueux","isPartOf":{"@id":"https:\/\/cirque24.fr\/#website"},"primaryImageOfPage":{"@id":"https:\/\/cirque24.fr\/?page_id=30#primaryimage"},"image":{"@id":"https:\/\/cirque24.fr\/?page_id=30#primaryimage"},"thumbnailUrl":"https:\/\/i0.wp.com\/cirque24.fr\/wp-content\/uploads\/2026\/02\/Design-sans-titre-13.png?fit=848%2C488&ssl=1","datePublished":"2017-06-09T18:35:40+00:00","dateModified":"2026-02-26T16:35:55+00:00","description":"Le centre des arts du cirque propose des ateliers de d\u00e9couverte et d\u2019initiation dont les objectifs sont de : Favoriser la d\u00e9couverte des arts du cirque...","breadcrumb":{"@id":"https:\/\/cirque24.fr\/?page_id=30#breadcrumb"},"inLanguage":"fr-FR","potentialAction":[{"@type":"ReadAction","target":["https:\/\/cirque24.fr\/?page_id=30"]}]},{"@type":"ImageObject","inLanguage":"fr-FR","@id":"https:\/\/cirque24.fr\/?page_id=30#primaryimage","url":"https:\/\/i0.wp.com\/cirque24.fr\/wp-content\/uploads\/2026\/02\/Design-sans-titre-13.png?fit=848%2C488&ssl=1","contentUrl":"https:\/\/i0.wp.com\/cirque24.fr\/wp-content\/uploads\/2026\/02\/Design-sans-titre-13.png?fit=848%2C488&ssl=1","width":848,"height":488},{"@type":"BreadcrumbList","@id":"https:\/\/cirque24.fr\/?page_id=30#breadcrumb","itemListElement":[{"@type":"ListItem","position":1,"name":"Accueil","item":"https:\/\/cirque24.fr\/"},{"@type":"ListItem","position":2,"name":"L&rsquo;association"}]},{"@type":"WebSite","@id":"https:\/\/cirque24.fr\/#website","url":"https:\/\/cirque24.fr\/","name":"Ecole des arts du cirque de Boulazac - P\u00e9rigueux","description":"Ecole de cirque, cours et stages - P\u00e9rigueux - Boulazac -  Dordogne - Futurs jongleurs, acrobates, fildef\u00e9ristes...  Bienvenue !","publisher":{"@id":"https:\/\/cirque24.fr\/#organization"},"potentialAction":[{"@type":"SearchAction","target":{"@type":"EntryPoint","urlTemplate":"https:\/\/cirque24.fr\/?s={search_term_string}"},"query-input":{"@type":"PropertyValueSpecification","valueRequired":true,"valueName":"search_term_string"}}],"inLanguage":"fr-FR"},{"@type":"Organization","@id":"https:\/\/cirque24.fr\/#organization","name":"Centre des arts du Cirque de P\u00e9rigueux - Boulazac","url":"https:\/\/cirque24.fr\/","logo":{"@type":"ImageObject","inLanguage":"fr-FR","@id":"https:\/\/cirque24.fr\/#\/schema\/logo\/image\/","url":"https:\/\/i2.wp.com\/cirque24.fr\/wp-content\/uploads\/2017\/06\/cirque-boulazac.png?fit=591%2C591","contentUrl":"https:\/\/i2.wp.com\/cirque24.fr\/wp-content\/uploads\/2017\/06\/cirque-boulazac.png?fit=591%2C591","width":591,"height":591,"caption":"Centre des arts du Cirque de P\u00e9rigueux - Boulazac"},"image":{"@id":"https:\/\/cirque24.fr\/#\/schema\/logo\/image\/"},"sameAs":["https:\/\/www.facebook.com\/Ecole-des-arts-du-cirque-de-Boulazac-450455762004946\/"]},{"@context":"https:\/\/schema.org\/","@type":"Product","name":"L'association","description":"","image":{"@type":"ImageObject","url":"https:\/\/cirque24.fr\/wp-content\/uploads\/2026\/02\/Design-sans-titre-13.png","width":848,"height":488},"aggregateRating":{"@type":"AggregateRating","ratingValue":3.6,"ratingCount":28,"bestRating":5,"worstRating":1},"brand":{"@type":"Brand","name":""},"sku":"","gtin8":""}]}},"yasr_visitor_votes":{"stars_attributes":{"read_only":false,"span_bottom":false},"number_of_votes":28,"sum_votes":100},"uagb_featured_image_src":{"full":["https:\/\/i0.wp.com\/cirque24.fr\/wp-content\/uploads\/2026\/02\/Design-sans-titre-13.png?fit=848%2C488&ssl=1",848,488,false],"thumbnail":["https:\/\/i0.wp.com\/cirque24.fr\/wp-content\/uploads\/2026\/02\/Design-sans-titre-13.png?resize=150%2C150&ssl=1",150,150,true],"medium":["https:\/\/i0.wp.com\/cirque24.fr\/wp-content\/uploads\/2026\/02\/Design-sans-titre-13.png?fit=300%2C173&ssl=1",300,173,true],"medium_large":["https:\/\/i0.wp.com\/cirque24.fr\/wp-content\/uploads\/2026\/02\/Design-sans-titre-13.png?fit=604%2C348&ssl=1",604,348,true],"large":["https:\/\/i0.wp.com\/cirque24.fr\/wp-content\/uploads\/2026\/02\/Design-sans-titre-13.png?fit=604%2C348&ssl=1",604,348,true],"1536x1536":["https:\/\/i0.wp.com\/cirque24.fr\/wp-content\/uploads\/2026\/02\/Design-sans-titre-13.png?fit=848%2C488&ssl=1",848,488,true],"2048x2048":["https:\/\/i0.wp.com\/cirque24.fr\/wp-content\/uploads\/2026\/02\/Design-sans-titre-13.png?fit=848%2C488&ssl=1",848,488,true],"post-thumbnail":["https:\/\/i0.wp.com\/cirque24.fr\/wp-content\/uploads\/2026\/02\/Design-sans-titre-13.png?resize=604%2C270&ssl=1",604,270,true],"iexcel-single-thumb":["https:\/\/i0.wp.com\/cirque24.fr\/wp-content\/uploads\/2026\/02\/Design-sans-titre-13.png?resize=848%2C488&ssl=1",848,488,true]},"uagb_author_info":{"display_name":"admin4641","author_link":"https:\/\/cirque24.fr\/?author=1"},"uagb_comment_info":0,"uagb_excerpt":"L&rsquo;ECB est une association \u00e0 but non lucratif qui a pour mission de soutenir le d\u00e9veloppement et la promotion des arts du cirque sous toutes ses formes. Nous sommes sp\u00e9cialis\u00e9s dans leRead More...","jetpack_shortlink":"https:\/\/wp.me\/P8Piee-u","jetpack-related-posts":[{"id":1869,"url":"https:\/\/cirque24.fr\/?page_id=1869","url_meta":{"origin":30,"position":0},"title":"Qui sommes nous ?","author":"admin4641","date":"03\/09\/2025","format":false,"excerpt":"L'\u00c9cole de Cirque de Boulazac est une association dirig\u00e9e par un Conseil d'Administration (CA). Cet organe central assure le bon fonctionnement de l'\u00e9cole et la coh\u00e9rence avec notre projet initial : rendre le cirque accessible \u00e0 tous. Les membres du CA sont \u00e9lus pour un mandat de trois ans par\u2026","rel":"","context":"Article similaire","block_context":{"text":"Article similaire","link":""},"img":{"alt_text":"","src":"","width":0,"height":0},"classes":[]},{"id":33,"url":"https:\/\/cirque24.fr\/?page_id=33","url_meta":{"origin":30,"position":1},"title":"Les scolaires","author":"admin4641","date":"09\/06\/2017","format":false,"excerpt":"\u00a0Le centre des arts du cirque propose de nombreuses actions de d\u00e9couverte et de pratique pour les \u00e9coles maternelles et \u00e9l\u00e9mentaires, les coll\u00e8ges, lyc\u00e9es ainsi qu\u2019\u00e0 destination des \u00e9tablissements d\u2019enseignement adapt\u00e9. Le cirque : une activit\u00e9 ludique et p\u00e9dagogique ... Bien que le cirque soit une discipline exigeante dans l\u2019apprentissage,\u2026","rel":"","context":"Article similaire","block_context":{"text":"Article similaire","link":""},"img":{"alt_text":"","src":"https:\/\/i0.wp.com\/cirque24.fr\/wp-content\/uploads\/2024\/11\/IMG_20241130_134847-scaled.jpg?fit=1200%2C900&ssl=1&resize=350%2C200","width":350,"height":200,"srcset":"https:\/\/i0.wp.com\/cirque24.fr\/wp-content\/uploads\/2024\/11\/IMG_20241130_134847-scaled.jpg?fit=1200%2C900&ssl=1&resize=350%2C200 1x, https:\/\/i0.wp.com\/cirque24.fr\/wp-content\/uploads\/2024\/11\/IMG_20241130_134847-scaled.jpg?fit=1200%2C900&ssl=1&resize=525%2C300 1.5x, https:\/\/i0.wp.com\/cirque24.fr\/wp-content\/uploads\/2024\/11\/IMG_20241130_134847-scaled.jpg?fit=1200%2C900&ssl=1&resize=700%2C400 2x, https:\/\/i0.wp.com\/cirque24.fr\/wp-content\/uploads\/2024\/11\/IMG_20241130_134847-scaled.jpg?fit=1200%2C900&ssl=1&resize=1050%2C600 3x"},"classes":[]},{"id":45,"url":"https:\/\/cirque24.fr\/","url_meta":{"origin":30,"position":2},"title":"Actualit\u00e9 de l&rsquo;\u00e9cole du cirque","author":"admin4641","date":"09\/06\/2017","format":false,"excerpt":"Vacances d'avril 2026 \u00a0 Dossier vacances P\u00e2ques 2026 Ou remplissez le formulaire en ligne : Dossier vacances \u00e9t\u00e9 2026 Ou remplissez le formulaire en ligne : \u00a0Email : cirque24@hotmail.com \u00a0 \u00a0 Bienvenue \u00e0 l\u2019\u00e9cole des arts du cirque de Boulazac \/ P\u00e9rigueux ! Inscriptions Ann\u00e9e Scolaire 2025-2026 : Renseignements. :\u2026","rel":"","context":"Article similaire","block_context":{"text":"Article similaire","link":""},"img":{"alt_text":"","src":"https:\/\/i0.wp.com\/cirque24.fr\/wp-content\/uploads\/2026\/02\/1-212x300.png?resize=350%2C200&ssl=1","width":350,"height":200},"classes":[]},{"id":20,"url":"https:\/\/cirque24.fr\/?page_id=20","url_meta":{"origin":30,"position":3},"title":"Les cours","author":"admin4641","date":"09\/06\/2017","format":false,"excerpt":"Cours hebdomadaires : Enfants et jeunes amateurs Activit\u00e9 principale, l\u2019\u00e9cole amateur est ouverte toute l\u2019ann\u00e9e. Chaque ann\u00e9e, l\u2019\u00e9cole accueille plus de 250 \u00e9l\u00e8ves enfants et adultes. Nous mettons en \u0153uvre des cours de cirque pluridisciplinaires (de 1h \u00e0 2h) pendant les p\u00e9riodes scolaires en soir\u00e9e et le week-end. Chez les\u2026","rel":"","context":"Article similaire","block_context":{"text":"Article similaire","link":""},"img":{"alt_text":"","src":"https:\/\/i0.wp.com\/cirque24.fr\/wp-content\/uploads\/2026\/02\/chap-site-3-scaled.jpg?fit=1200%2C529&ssl=1&resize=350%2C200","width":350,"height":200,"srcset":"https:\/\/i0.wp.com\/cirque24.fr\/wp-content\/uploads\/2026\/02\/chap-site-3-scaled.jpg?fit=1200%2C529&ssl=1&resize=350%2C200 1x, https:\/\/i0.wp.com\/cirque24.fr\/wp-content\/uploads\/2026\/02\/chap-site-3-scaled.jpg?fit=1200%2C529&ssl=1&resize=525%2C300 1.5x, https:\/\/i0.wp.com\/cirque24.fr\/wp-content\/uploads\/2026\/02\/chap-site-3-scaled.jpg?fit=1200%2C529&ssl=1&resize=700%2C400 2x, https:\/\/i0.wp.com\/cirque24.fr\/wp-content\/uploads\/2026\/02\/chap-site-3-scaled.jpg?fit=1200%2C529&ssl=1&resize=1050%2C600 3x"},"classes":[]},{"id":2080,"url":"https:\/\/cirque24.fr\/?page_id=2080","url_meta":{"origin":30,"position":4},"title":"S\u00e9jours avec h\u00e9bergement \u00ab\u00a0Colocirque\u00a0\u00bb","author":"admin4641","date":"17\/12\/2025","format":false,"excerpt":"Colocirque 2026 S\u00e9jour artistique & culturel \u2013 Arts du cirque \ud83d\udccd Boulazac-Isle-Manoire\ud83d\udcc5 Du 20 au 26 juillet 2026\ud83d\udc67\ud83e\uddd2 Jeunes de 8 \u00e0 15 ans Site internet : https:\/\/colocirque.fr Un s\u00e9jour pour cr\u00e9er, vivre et partager le cirque Colocirque est un s\u00e9jour artistique et culturel imagin\u00e9 par l\u2019\u00c9cole de Cirque de\u2026","rel":"","context":"Article similaire","block_context":{"text":"Article similaire","link":""},"img":{"alt_text":"","src":"https:\/\/i0.wp.com\/cirque24.fr\/wp-content\/uploads\/2026\/03\/Copie-de-Affiche-Centre-Aere-Enfants-Vert-et-Bleu-212x300.png?resize=350%2C200&ssl=1","width":350,"height":200},"classes":[]},{"id":36,"url":"https:\/\/cirque24.fr\/?page_id=36","url_meta":{"origin":30,"position":5},"title":"Les stages","author":"admin4641","date":"09\/06\/2017","format":false,"excerpt":"Les stages d'initiation et de d\u00e9couverte A chaque Vacances, l\u2019\u00e9cole de cirque de Boulazac organise des stages de d\u00e9couverte et d\u2019initiation aux arts du cirque pour les enfants \u00e0 partir de 5 ans. Ces stages se d\u00e9roulent sur une semaine du lundi au vendredi en demi-journ\u00e9e ou \u00e0 la journ\u00e9e.\u2026","rel":"","context":"Article similaire","block_context":{"text":"Article similaire","link":""},"img":{"alt_text":"\u00c9cole des arts du cirque de P\u00e9rigueux-Boulazac","src":"https:\/\/i0.wp.com\/cirque24.fr\/wp-content\/uploads\/2017\/06\/cirque-perigueux-boulazac-5.jpg?fit=1170%2C210&ssl=1&resize=350%2C200","width":350,"height":200,"srcset":"https:\/\/i0.wp.com\/cirque24.fr\/wp-content\/uploads\/2017\/06\/cirque-perigueux-boulazac-5.jpg?fit=1170%2C210&ssl=1&resize=350%2C200 1x, https:\/\/i0.wp.com\/cirque24.fr\/wp-content\/uploads\/2017\/06\/cirque-perigueux-boulazac-5.jpg?fit=1170%2C210&ssl=1&resize=525%2C300 1.5x, https:\/\/i0.wp.com\/cirque24.fr\/wp-content\/uploads\/2017\/06\/cirque-perigueux-boulazac-5.jpg?fit=1170%2C210&ssl=1&resize=700%2C400 2x, https:\/\/i0.wp.com\/cirque24.fr\/wp-content\/uploads\/2017\/06\/cirque-perigueux-boulazac-5.jpg?fit=1170%2C210&ssl=1&resize=1050%2C600 3x"},"classes":[]}],"jetpack_sharing_enabled":true,"_links":{"self":[{"href":"https:\/\/cirque24.fr\/index.php?rest_route=\/wp\/v2\/pages\/30","targetHints":{"allow":["GET"]}}],"collection":[{"href":"https:\/\/cirque24.fr\/index.php?rest_route=\/wp\/v2\/pages"}],"about":[{"href":"https:\/\/cirque24.fr\/index.php?rest_route=\/wp\/v2\/types\/page"}],"author":[{"embeddable":true,"href":"https:\/\/cirque24.fr\/index.php?rest_route=\/wp\/v2\/users\/1"}],"replies":[{"embeddable":true,"href":"https:\/\/cirque24.fr\/index.php?rest_route=%2Fwp%2Fv2%2Fcomments&post=30"}],"version-history":[{"count":0,"href":"https:\/\/cirque24.fr\/index.php?rest_route=\/wp\/v2\/pages\/30\/revisions"}],"wp:featuredmedia":[{"embeddable":true,"href":"https:\/\/cirque24.fr\/index.php?rest_route=\/wp\/v2\/media\/2181"}],"wp:attachment":[{"href":"https:\/\/cirque24.fr\/index.php?rest_route=%2Fwp%2Fv2%2Fmedia&parent=30"}],"curies":[{"name":"wp","href":"https:\/\/api.w.org\/{rel}","templated":true}]}}