{"id":71,"date":"2017-06-10T08:06:19","date_gmt":"2017-06-10T06:06:19","guid":{"rendered":"http:\/\/cirque24.fr\/?page_id=71"},"modified":"2024-07-31T14:06:08","modified_gmt":"2024-07-31T14:06:08","slug":"contact","status":"publish","type":"page","link":"https:\/\/cirque24.fr\/?page_id=71","title":{"rendered":"Contact"},"content":{"rendered":"<p style=\"text-align: justify;\"><span style=\"font-size: 14pt; font-family: arial,helvetica,sans-serif;\"><strong><img data-recalc-dims=\"1\" decoding=\"async\" data-attachment-id=\"257\" data-permalink=\"https:\/\/cirque24.fr\/?attachment_id=257\" data-orig-file=\"https:\/\/i0.wp.com\/cirque24.fr\/wp-content\/uploads\/2017\/09\/cirquedeperigueux.png?fit=512%2C512&amp;ssl=1\" data-orig-size=\"512,512\" data-comments-opened=\"0\" data-image-meta=\"{&quot;aperture&quot;:&quot;0&quot;,&quot;credit&quot;:&quot;&quot;,&quot;camera&quot;:&quot;&quot;,&quot;caption&quot;:&quot;&quot;,&quot;created_timestamp&quot;:&quot;0&quot;,&quot;copyright&quot;:&quot;&quot;,&quot;focal_length&quot;:&quot;0&quot;,&quot;iso&quot;:&quot;0&quot;,&quot;shutter_speed&quot;:&quot;0&quot;,&quot;title&quot;:&quot;&quot;,&quot;orientation&quot;:&quot;0&quot;}\" data-image-title=\"cirquedeperigueux\" data-image-description=\"\" data-image-caption=\"\" data-medium-file=\"https:\/\/i0.wp.com\/cirque24.fr\/wp-content\/uploads\/2017\/09\/cirquedeperigueux.png?fit=300%2C300&amp;ssl=1\" data-large-file=\"https:\/\/i0.wp.com\/cirque24.fr\/wp-content\/uploads\/2017\/09\/cirquedeperigueux.png?fit=512%2C512&amp;ssl=1\" class=\"alignnone wp-image-257 lazyload\" data-src=\"https:\/\/i0.wp.com\/cirque24.fr\/wp-content\/uploads\/2017\/09\/cirquedeperigueux-150x150.png?resize=14%2C14\" alt=\"\" width=\"14\" height=\"14\" data-srcset=\"https:\/\/i0.wp.com\/cirque24.fr\/wp-content\/uploads\/2017\/09\/cirquedeperigueux.png?resize=150%2C150&amp;ssl=1 150w, https:\/\/i0.wp.com\/cirque24.fr\/wp-content\/uploads\/2017\/09\/cirquedeperigueux.png?resize=300%2C300&amp;ssl=1 300w, https:\/\/i0.wp.com\/cirque24.fr\/wp-content\/uploads\/2017\/09\/cirquedeperigueux.png?w=512&amp;ssl=1 512w\" data-sizes=\"(max-width: 14px) 100vw, 14px\" src=\"data:image\/svg+xml;base64,PHN2ZyB3aWR0aD0iMSIgaGVpZ2h0PSIxIiB4bWxucz0iaHR0cDovL3d3dy53My5vcmcvMjAwMC9zdmciPjwvc3ZnPg==\" style=\"--smush-placeholder-width: 14px; --smush-placeholder-aspect-ratio: 14\/14;\" \/><\/strong>\u00a0Pour prendre contact avec\u00a0l&rsquo;\u00e9cole des arts du cirque de Boulazac, merci d&rsquo;utiliser ce petit formulaire&#8230;<\/span><\/p>\n<p style=\"text-align: justify;\">\n<div class=\"wpcf7 no-js\" id=\"wpcf7-f74-o1\" lang=\"fr-FR\" dir=\"ltr\" data-wpcf7-id=\"74\">\n<div class=\"screen-reader-response\"><p role=\"status\" aria-live=\"polite\" aria-atomic=\"true\"><\/p> <ul><\/ul><\/div>\n<form action=\"\/index.php?rest_route=%2Fwp%2Fv2%2Fpages%2F71#wpcf7-f74-o1\" method=\"post\" class=\"wpcf7-form init\" aria-label=\"Formulaire de contact\" novalidate=\"novalidate\" data-status=\"init\">\n<fieldset class=\"hidden-fields-container\"><input type=\"hidden\" name=\"_wpcf7\" value=\"74\" \/><input type=\"hidden\" name=\"_wpcf7_version\" value=\"6.1.4\" \/><input type=\"hidden\" name=\"_wpcf7_locale\" value=\"fr_FR\" \/><input type=\"hidden\" name=\"_wpcf7_unit_tag\" value=\"wpcf7-f74-o1\" \/><input type=\"hidden\" name=\"_wpcf7_container_post\" value=\"0\" \/><input type=\"hidden\" name=\"_wpcf7_posted_data_hash\" value=\"\" \/>\n<\/fieldset>\n<p><label> Votre nom (obligatoire)<br \/>\n<span class=\"wpcf7-form-control-wrap\" data-name=\"your-name\"><input size=\"40\" maxlength=\"400\" class=\"wpcf7-form-control wpcf7-text wpcf7-validates-as-required\" aria-required=\"true\" aria-invalid=\"false\" value=\"\" type=\"text\" name=\"your-name\" \/><\/span> <\/label>\n<\/p>\n<p><label> Votre e-mail (obligatoire)<br \/>\n<span class=\"wpcf7-form-control-wrap\" data-name=\"your-email\"><input size=\"40\" maxlength=\"400\" class=\"wpcf7-form-control wpcf7-email wpcf7-validates-as-required wpcf7-text wpcf7-validates-as-email\" aria-required=\"true\" aria-invalid=\"false\" value=\"\" type=\"email\" name=\"your-email\" \/><\/span> <\/label>\n<\/p>\n<p><label> Sujet<br \/>\n<span class=\"wpcf7-form-control-wrap\" data-name=\"your-subject\"><input size=\"40\" maxlength=\"400\" class=\"wpcf7-form-control wpcf7-text\" aria-invalid=\"false\" value=\"\" type=\"text\" name=\"your-subject\" \/><\/span> <\/label>\n<\/p>\n<p><label> Votre message<br \/>\n<span class=\"wpcf7-form-control-wrap\" data-name=\"your-message\"><textarea cols=\"40\" rows=\"10\" maxlength=\"2000\" class=\"wpcf7-form-control wpcf7-textarea\" aria-invalid=\"false\" name=\"your-message\"><\/textarea><\/span> <\/label>\n<\/p>\n<p><input class=\"wpcf7-form-control wpcf7-submit has-spinner\" type=\"submit\" value=\"Envoyer\" \/>\n<\/p><p style=\"display: none !important;\" class=\"akismet-fields-container\" data-prefix=\"_wpcf7_ak_\"><label>&#916;<textarea name=\"_wpcf7_ak_hp_textarea\" cols=\"45\" rows=\"8\" maxlength=\"100\"><\/textarea><\/label><input type=\"hidden\" id=\"ak_js_1\" name=\"_wpcf7_ak_js\" value=\"195\"\/><script>document.getElementById( \"ak_js_1\" ).setAttribute( \"value\", ( new Date() ).getTime() );<\/script><\/p><div class=\"wpcf7-response-output\" aria-hidden=\"true\"><\/div>\n<\/form>\n<\/div>\n\n<div style='text-align:left' class='yasr-auto-insert-visitor'><!--Yasr Visitor Votes Shortcode--><div id='yasr_visitor_votes_9359e946a3f76' class='yasr-visitor-votes'><div id='yasr-vv-second-row-container-9359e946a3f76'\r\n                                        class='yasr-vv-second-row-container'><div id='yasr-visitor-votes-rater-9359e946a3f76'\r\n                                      class='yasr-rater-stars-vv'\r\n                                      data-rater-postid='71'\r\n                                      data-rating='5'\r\n                                      data-rater-starsize='16'\r\n                                      data-rater-readonly='false'\r\n                                      data-rater-nonce='cd1bcf06e3'\r\n                                      data-issingular='false'\r\n                                    ><\/div><div class=\"yasr-vv-stats-text-container\" id=\"yasr-vv-stats-text-container-9359e946a3f76\"><span id=\"yasr-vv-text-container-9359e946a3f76\" class=\"yasr-vv-text-container\">   ...  <span id=\"yasr-vv-average-container-9359e946a3f76\">5<\/span> \/ 5<\/span><\/div><div id='yasr-vv-loader-9359e946a3f76' class='yasr-vv-container-loader'><\/div><\/div><div id='yasr-vv-bottom-container-9359e946a3f76'\r\n                              class='yasr-vv-bottom-container'\r\n                              style='display:none'><\/div><\/div><!--End Yasr Visitor Votes Shortcode--><\/div>","protected":false},"excerpt":{"rendered":"<p>\u00a0Pour prendre contact avec\u00a0l&rsquo;\u00e9cole des arts du cirque de Boulazac, merci d&rsquo;utiliser ce petit formulaire&#8230; &#8230; 5 \/ 5<\/p>\n","protected":false},"author":1,"featured_media":1502,"parent":0,"menu_order":0,"comment_status":"closed","ping_status":"closed","template":"","meta":{"_uag_custom_page_level_css":"","jetpack_post_was_ever_published":false,"yasr_overall_rating":0,"yasr_post_is_review":"","yasr_auto_insert_disabled":"","yasr_review_type":"","footnotes":""},"class_list":["post-71","page","type-page","status-publish","has-post-thumbnail","hentry"],"yoast_head":"<!-- This site is optimized with the Yoast SEO plugin v26.6 - https:\/\/yoast.com\/wordpress\/plugins\/seo\/ -->\n<title>Contact - Ecole des arts du cirque de Boulazac - P\u00e9rigueux<\/title>\n<meta name=\"description\" content=\"Pour prendre contact avec l&#039;\u00e9cole des arts du cirque de Boulazac, merci d&#039;utiliser ce petit formulaire ... A bient\u00f4t et vive le cirque!\" \/>\n<meta name=\"robots\" content=\"index, follow, max-snippet:-1, max-image-preview:large, max-video-preview:-1\" \/>\n<link rel=\"canonical\" href=\"https:\/\/cirque24.fr\/?page_id=71\" \/>\n<meta property=\"og:locale\" content=\"fr_FR\" \/>\n<meta property=\"og:type\" content=\"article\" \/>\n<meta property=\"og:title\" content=\"Contact - Ecole des arts du cirque de Boulazac - P\u00e9rigueux\" \/>\n<meta property=\"og:description\" content=\"Pour prendre contact avec l&#039;\u00e9cole des arts du cirque de Boulazac, merci d&#039;utiliser ce petit formulaire ... A bient\u00f4t et vive le cirque!\" \/>\n<meta property=\"og:url\" content=\"https:\/\/cirque24.fr\/?page_id=71\" \/>\n<meta property=\"og:site_name\" content=\"Ecole des arts du cirque de Boulazac - P\u00e9rigueux\" \/>\n<meta property=\"article:publisher\" content=\"https:\/\/www.facebook.com\/Ecole-des-arts-du-cirque-de-Boulazac-450455762004946\/\" \/>\n<meta property=\"article:modified_time\" content=\"2024-07-31T14:06:08+00:00\" \/>\n<meta property=\"og:image\" content=\"https:\/\/i0.wp.com\/cirque24.fr\/wp-content\/uploads\/2024\/07\/image-chapiteau3.jpg?fit=788%2C330&ssl=1\" \/>\n\t<meta property=\"og:image:width\" content=\"788\" \/>\n\t<meta property=\"og:image:height\" content=\"330\" \/>\n\t<meta property=\"og:image:type\" content=\"image\/jpeg\" \/>\n<meta name=\"twitter:card\" content=\"summary_large_image\" \/>\n<meta name=\"twitter:label1\" content=\"Dur\u00e9e de lecture estim\u00e9e\" \/>\n\t<meta name=\"twitter:data1\" content=\"1 minute\" \/>\n<script type=\"application\/ld+json\" class=\"yoast-schema-graph\">{\"@context\":\"https:\/\/schema.org\",\"@graph\":[{\"@type\":\"WebPage\",\"@id\":\"https:\/\/cirque24.fr\/?page_id=71\",\"url\":\"https:\/\/cirque24.fr\/?page_id=71\",\"name\":\"Contact - Ecole des arts du cirque de Boulazac - P\u00e9rigueux\",\"isPartOf\":{\"@id\":\"https:\/\/cirque24.fr\/#website\"},\"primaryImageOfPage\":{\"@id\":\"https:\/\/cirque24.fr\/?page_id=71#primaryimage\"},\"image\":{\"@id\":\"https:\/\/cirque24.fr\/?page_id=71#primaryimage\"},\"thumbnailUrl\":\"https:\/\/i0.wp.com\/cirque24.fr\/wp-content\/uploads\/2024\/07\/image-chapiteau3.jpg?fit=788%2C330&ssl=1\",\"datePublished\":\"2017-06-10T06:06:19+00:00\",\"dateModified\":\"2024-07-31T14:06:08+00:00\",\"description\":\"Pour prendre contact avec l'\u00e9cole des arts du cirque de Boulazac, merci d'utiliser ce petit formulaire ... A bient\u00f4t et vive le cirque!\",\"breadcrumb\":{\"@id\":\"https:\/\/cirque24.fr\/?page_id=71#breadcrumb\"},\"inLanguage\":\"fr-FR\",\"potentialAction\":[{\"@type\":\"ReadAction\",\"target\":[\"https:\/\/cirque24.fr\/?page_id=71\"]}]},{\"@type\":\"ImageObject\",\"inLanguage\":\"fr-FR\",\"@id\":\"https:\/\/cirque24.fr\/?page_id=71#primaryimage\",\"url\":\"https:\/\/i0.wp.com\/cirque24.fr\/wp-content\/uploads\/2024\/07\/image-chapiteau3.jpg?fit=788%2C330&ssl=1\",\"contentUrl\":\"https:\/\/i0.wp.com\/cirque24.fr\/wp-content\/uploads\/2024\/07\/image-chapiteau3.jpg?fit=788%2C330&ssl=1\",\"width\":788,\"height\":330},{\"@type\":\"BreadcrumbList\",\"@id\":\"https:\/\/cirque24.fr\/?page_id=71#breadcrumb\",\"itemListElement\":[{\"@type\":\"ListItem\",\"position\":1,\"name\":\"Accueil\",\"item\":\"https:\/\/cirque24.fr\/\"},{\"@type\":\"ListItem\",\"position\":2,\"name\":\"Contact\"}]},{\"@type\":\"WebSite\",\"@id\":\"https:\/\/cirque24.fr\/#website\",\"url\":\"https:\/\/cirque24.fr\/\",\"name\":\"Ecole des arts du cirque de Boulazac - P\u00e9rigueux\",\"description\":\"Ecole de cirque, cours et stages - P\u00e9rigueux - Boulazac -  Dordogne - Futurs jongleurs, acrobates, fildef\u00e9ristes...  Bienvenue !\",\"publisher\":{\"@id\":\"https:\/\/cirque24.fr\/#organization\"},\"potentialAction\":[{\"@type\":\"SearchAction\",\"target\":{\"@type\":\"EntryPoint\",\"urlTemplate\":\"https:\/\/cirque24.fr\/?s={search_term_string}\"},\"query-input\":{\"@type\":\"PropertyValueSpecification\",\"valueRequired\":true,\"valueName\":\"search_term_string\"}}],\"inLanguage\":\"fr-FR\"},{\"@type\":\"Organization\",\"@id\":\"https:\/\/cirque24.fr\/#organization\",\"name\":\"Centre des arts du Cirque de P\u00e9rigueux - Boulazac\",\"url\":\"https:\/\/cirque24.fr\/\",\"logo\":{\"@type\":\"ImageObject\",\"inLanguage\":\"fr-FR\",\"@id\":\"https:\/\/cirque24.fr\/#\/schema\/logo\/image\/\",\"url\":\"https:\/\/i2.wp.com\/cirque24.fr\/wp-content\/uploads\/2017\/06\/cirque-boulazac.png?fit=591%2C591\",\"contentUrl\":\"https:\/\/i2.wp.com\/cirque24.fr\/wp-content\/uploads\/2017\/06\/cirque-boulazac.png?fit=591%2C591\",\"width\":591,\"height\":591,\"caption\":\"Centre des arts du Cirque de P\u00e9rigueux - Boulazac\"},\"image\":{\"@id\":\"https:\/\/cirque24.fr\/#\/schema\/logo\/image\/\"},\"sameAs\":[\"https:\/\/www.facebook.com\/Ecole-des-arts-du-cirque-de-Boulazac-450455762004946\/\"]},{\"@context\":\"https:\/\/schema.org\/\",\"@type\":\"Product\",\"name\":\"Contact\",\"description\":\"\",\"image\":{\"@type\":\"ImageObject\",\"url\":\"https:\/\/cirque24.fr\/wp-content\/uploads\/2024\/07\/image-chapiteau3.jpg\",\"width\":788,\"height\":330},\"aggregateRating\":{\"@type\":\"AggregateRating\",\"ratingValue\":5,\"ratingCount\":3,\"bestRating\":5,\"worstRating\":1},\"brand\":{\"@type\":\"Brand\",\"name\":\"\"},\"sku\":\"\",\"\":\"\"}]}<\/script>\n<!-- \/ Yoast SEO plugin. -->","yoast_head_json":{"title":"Contact - Ecole des arts du cirque de Boulazac - P\u00e9rigueux","description":"Pour prendre contact avec l'\u00e9cole des arts du cirque de Boulazac, merci d'utiliser ce petit formulaire ... A bient\u00f4t et vive le cirque!","robots":{"index":"index","follow":"follow","max-snippet":"max-snippet:-1","max-image-preview":"max-image-preview:large","max-video-preview":"max-video-preview:-1"},"canonical":"https:\/\/cirque24.fr\/?page_id=71","og_locale":"fr_FR","og_type":"article","og_title":"Contact - Ecole des arts du cirque de Boulazac - P\u00e9rigueux","og_description":"Pour prendre contact avec l'\u00e9cole des arts du cirque de Boulazac, merci d'utiliser ce petit formulaire ... A bient\u00f4t et vive le cirque!","og_url":"https:\/\/cirque24.fr\/?page_id=71","og_site_name":"Ecole des arts du cirque de Boulazac - P\u00e9rigueux","article_publisher":"https:\/\/www.facebook.com\/Ecole-des-arts-du-cirque-de-Boulazac-450455762004946\/","article_modified_time":"2024-07-31T14:06:08+00:00","og_image":[{"width":788,"height":330,"url":"https:\/\/i0.wp.com\/cirque24.fr\/wp-content\/uploads\/2024\/07\/image-chapiteau3.jpg?fit=788%2C330&ssl=1","type":"image\/jpeg"}],"twitter_card":"summary_large_image","twitter_misc":{"Dur\u00e9e de lecture estim\u00e9e":"1 minute"},"schema":{"@context":"https:\/\/schema.org","@graph":[{"@type":"WebPage","@id":"https:\/\/cirque24.fr\/?page_id=71","url":"https:\/\/cirque24.fr\/?page_id=71","name":"Contact - Ecole des arts du cirque de Boulazac - P\u00e9rigueux","isPartOf":{"@id":"https:\/\/cirque24.fr\/#website"},"primaryImageOfPage":{"@id":"https:\/\/cirque24.fr\/?page_id=71#primaryimage"},"image":{"@id":"https:\/\/cirque24.fr\/?page_id=71#primaryimage"},"thumbnailUrl":"https:\/\/i0.wp.com\/cirque24.fr\/wp-content\/uploads\/2024\/07\/image-chapiteau3.jpg?fit=788%2C330&ssl=1","datePublished":"2017-06-10T06:06:19+00:00","dateModified":"2024-07-31T14:06:08+00:00","description":"Pour prendre contact avec l'\u00e9cole des arts du cirque de Boulazac, merci d'utiliser ce petit formulaire ... A bient\u00f4t et vive le cirque!","breadcrumb":{"@id":"https:\/\/cirque24.fr\/?page_id=71#breadcrumb"},"inLanguage":"fr-FR","potentialAction":[{"@type":"ReadAction","target":["https:\/\/cirque24.fr\/?page_id=71"]}]},{"@type":"ImageObject","inLanguage":"fr-FR","@id":"https:\/\/cirque24.fr\/?page_id=71#primaryimage","url":"https:\/\/i0.wp.com\/cirque24.fr\/wp-content\/uploads\/2024\/07\/image-chapiteau3.jpg?fit=788%2C330&ssl=1","contentUrl":"https:\/\/i0.wp.com\/cirque24.fr\/wp-content\/uploads\/2024\/07\/image-chapiteau3.jpg?fit=788%2C330&ssl=1","width":788,"height":330},{"@type":"BreadcrumbList","@id":"https:\/\/cirque24.fr\/?page_id=71#breadcrumb","itemListElement":[{"@type":"ListItem","position":1,"name":"Accueil","item":"https:\/\/cirque24.fr\/"},{"@type":"ListItem","position":2,"name":"Contact"}]},{"@type":"WebSite","@id":"https:\/\/cirque24.fr\/#website","url":"https:\/\/cirque24.fr\/","name":"Ecole des arts du cirque de Boulazac - P\u00e9rigueux","description":"Ecole de cirque, cours et stages - P\u00e9rigueux - Boulazac -  Dordogne - Futurs jongleurs, acrobates, fildef\u00e9ristes...  Bienvenue !","publisher":{"@id":"https:\/\/cirque24.fr\/#organization"},"potentialAction":[{"@type":"SearchAction","target":{"@type":"EntryPoint","urlTemplate":"https:\/\/cirque24.fr\/?s={search_term_string}"},"query-input":{"@type":"PropertyValueSpecification","valueRequired":true,"valueName":"search_term_string"}}],"inLanguage":"fr-FR"},{"@type":"Organization","@id":"https:\/\/cirque24.fr\/#organization","name":"Centre des arts du Cirque de P\u00e9rigueux - Boulazac","url":"https:\/\/cirque24.fr\/","logo":{"@type":"ImageObject","inLanguage":"fr-FR","@id":"https:\/\/cirque24.fr\/#\/schema\/logo\/image\/","url":"https:\/\/i2.wp.com\/cirque24.fr\/wp-content\/uploads\/2017\/06\/cirque-boulazac.png?fit=591%2C591","contentUrl":"https:\/\/i2.wp.com\/cirque24.fr\/wp-content\/uploads\/2017\/06\/cirque-boulazac.png?fit=591%2C591","width":591,"height":591,"caption":"Centre des arts du Cirque de P\u00e9rigueux - Boulazac"},"image":{"@id":"https:\/\/cirque24.fr\/#\/schema\/logo\/image\/"},"sameAs":["https:\/\/www.facebook.com\/Ecole-des-arts-du-cirque-de-Boulazac-450455762004946\/"]},{"@context":"https:\/\/schema.org\/","@type":"Product","name":"Contact","description":"","image":{"@type":"ImageObject","url":"https:\/\/cirque24.fr\/wp-content\/uploads\/2024\/07\/image-chapiteau3.jpg","width":788,"height":330},"aggregateRating":{"@type":"AggregateRating","ratingValue":5,"ratingCount":3,"bestRating":5,"worstRating":1},"brand":{"@type":"Brand","name":""},"sku":"","":""}]}},"yasr_visitor_votes":{"stars_attributes":{"read_only":false,"span_bottom":false},"number_of_votes":3,"sum_votes":15},"uagb_featured_image_src":{"full":["https:\/\/i0.wp.com\/cirque24.fr\/wp-content\/uploads\/2024\/07\/image-chapiteau3.jpg?fit=788%2C330&ssl=1",788,330,false],"thumbnail":["https:\/\/i0.wp.com\/cirque24.fr\/wp-content\/uploads\/2024\/07\/image-chapiteau3.jpg?resize=150%2C150&ssl=1",150,150,true],"medium":["https:\/\/i0.wp.com\/cirque24.fr\/wp-content\/uploads\/2024\/07\/image-chapiteau3.jpg?fit=300%2C126&ssl=1",300,126,true],"medium_large":["https:\/\/i0.wp.com\/cirque24.fr\/wp-content\/uploads\/2024\/07\/image-chapiteau3.jpg?fit=604%2C253&ssl=1",604,253,true],"large":["https:\/\/i0.wp.com\/cirque24.fr\/wp-content\/uploads\/2024\/07\/image-chapiteau3.jpg?fit=604%2C253&ssl=1",604,253,true],"1536x1536":["https:\/\/i0.wp.com\/cirque24.fr\/wp-content\/uploads\/2024\/07\/image-chapiteau3.jpg?fit=788%2C330&ssl=1",788,330,true],"2048x2048":["https:\/\/i0.wp.com\/cirque24.fr\/wp-content\/uploads\/2024\/07\/image-chapiteau3.jpg?fit=788%2C330&ssl=1",788,330,true],"post-thumbnail":["https:\/\/i0.wp.com\/cirque24.fr\/wp-content\/uploads\/2024\/07\/image-chapiteau3.jpg?resize=604%2C270&ssl=1",604,270,true],"iexcel-single-thumb":["https:\/\/i0.wp.com\/cirque24.fr\/wp-content\/uploads\/2024\/07\/image-chapiteau3.jpg?resize=788%2C330&ssl=1",788,330,true]},"uagb_author_info":{"display_name":"admin4641","author_link":"https:\/\/cirque24.fr\/?author=1"},"uagb_comment_info":0,"uagb_excerpt":"\u00a0Pour prendre contact avec\u00a0l&rsquo;\u00e9cole des arts du cirque de Boulazac, merci d&rsquo;utiliser ce petit formulaire&#8230; ... 5 \/ 5","jetpack_shortlink":"https:\/\/wp.me\/P8Piee-19","jetpack-related-posts":[{"id":201,"url":"https:\/\/cirque24.fr\/?page_id=201","url_meta":{"origin":71,"position":0},"title":"Presse et m\u00e9dias","author":"admin4641","date":"08\/09\/2017","format":false,"excerpt":"\u00a0La presse parle de l'\u00e9cole du cirque de P\u00e9rigueux \/ Boulazac. C'est un grand honneur pour nous. Merci \u00e0 eux de ne pas oublier les arts du cirque. Sur France 3, que nous remercions vivement pour leur soutien, un petit r\u00e9sum\u00e9 de notre travail avec les enfants... \u00a0","rel":"","context":"Article similaire","block_context":{"text":"Article similaire","link":""},"img":{"alt_text":"","src":"https:\/\/i0.wp.com\/cirque24.fr\/wp-content\/uploads\/2024\/07\/Capture-decran-2024-07-13-090622.png?fit=582%2C748&ssl=1&resize=350%2C200","width":350,"height":200,"srcset":"https:\/\/i0.wp.com\/cirque24.fr\/wp-content\/uploads\/2024\/07\/Capture-decran-2024-07-13-090622.png?fit=582%2C748&ssl=1&resize=350%2C200 1x, https:\/\/i0.wp.com\/cirque24.fr\/wp-content\/uploads\/2024\/07\/Capture-decran-2024-07-13-090622.png?fit=582%2C748&ssl=1&resize=525%2C300 1.5x"},"classes":[]},{"id":290,"url":"https:\/\/cirque24.fr\/?page_id=290","url_meta":{"origin":71,"position":1},"title":"Plan du site","author":"admin4641","date":"13\/09\/2017","format":false,"excerpt":"Sur cette page, le sommaire du site de l'\u00e9cole du cirque: Plan du site de l'\u00e9cole du cirque de P\u00e9rigueux - Boulazac \u00a0","rel":"","context":"Article similaire","block_context":{"text":"Article similaire","link":""},"img":{"alt_text":"","src":"https:\/\/i0.wp.com\/cirque24.fr\/wp-content\/uploads\/2017\/09\/cirquedeperigueux-300x300.png?resize=350%2C200","width":350,"height":200},"classes":[]},{"id":45,"url":"https:\/\/cirque24.fr\/","url_meta":{"origin":71,"position":2},"title":"Actualit\u00e9 de l&rsquo;\u00e9cole du cirque","author":"admin4641","date":"09\/06\/2017","format":false,"excerpt":"Vacances d'avril 2026 \u00a0 Dossier vacances P\u00e2ques 2026 Ou remplissez le formulaire en ligne : Dossier vacances \u00e9t\u00e9 2026 Ou remplissez le formulaire en ligne : \u00a0Email : cirque24@hotmail.com \u00a0 \u00a0 Bienvenue \u00e0 l\u2019\u00e9cole des arts du cirque de Boulazac \/ P\u00e9rigueux ! Inscriptions Ann\u00e9e Scolaire 2025-2026 : Renseignements. :\u2026","rel":"","context":"Article similaire","block_context":{"text":"Article similaire","link":""},"img":{"alt_text":"","src":"https:\/\/i0.wp.com\/cirque24.fr\/wp-content\/uploads\/2026\/02\/1-212x300.png?resize=350%2C200&ssl=1","width":350,"height":200},"classes":[]},{"id":2080,"url":"https:\/\/cirque24.fr\/?page_id=2080","url_meta":{"origin":71,"position":3},"title":"S\u00e9jours avec h\u00e9bergement \u00ab\u00a0Colocirque\u00a0\u00bb","author":"admin4641","date":"17\/12\/2025","format":false,"excerpt":"Colocirque 2026 S\u00e9jour artistique & culturel \u2013 Arts du cirque \ud83d\udccd Boulazac-Isle-Manoire\ud83d\udcc5 Du 20 au 26 juillet 2026\ud83d\udc67\ud83e\uddd2 Jeunes de 8 \u00e0 15 ans Site internet : https:\/\/colocirque.fr Un s\u00e9jour pour cr\u00e9er, vivre et partager le cirque Colocirque est un s\u00e9jour artistique et culturel imagin\u00e9 par l\u2019\u00c9cole de Cirque de\u2026","rel":"","context":"Article similaire","block_context":{"text":"Article similaire","link":""},"img":{"alt_text":"","src":"https:\/\/i0.wp.com\/cirque24.fr\/wp-content\/uploads\/2026\/03\/Copie-de-Affiche-Centre-Aere-Enfants-Vert-et-Bleu-212x300.png?resize=350%2C200&ssl=1","width":350,"height":200},"classes":[]},{"id":30,"url":"https:\/\/cirque24.fr\/?page_id=30","url_meta":{"origin":71,"position":4},"title":"L&rsquo;association","author":"admin4641","date":"09\/06\/2017","format":false,"excerpt":"L'ECB est une association \u00e0 but non lucratif qui a pour mission de soutenir le d\u00e9veloppement et la promotion des arts du cirque sous toutes ses formes. Nous sommes sp\u00e9cialis\u00e9s dans le domaine de l\u2019enseignement des arts du cirque, au travers de cours et de stages. Nous intervenons dans les\u2026","rel":"","context":"Article similaire","block_context":{"text":"Article similaire","link":""},"img":{"alt_text":"","src":"https:\/\/i0.wp.com\/cirque24.fr\/wp-content\/uploads\/2026\/02\/Design-sans-titre-13.png?fit=848%2C488&ssl=1&resize=350%2C200","width":350,"height":200,"srcset":"https:\/\/i0.wp.com\/cirque24.fr\/wp-content\/uploads\/2026\/02\/Design-sans-titre-13.png?fit=848%2C488&ssl=1&resize=350%2C200 1x, https:\/\/i0.wp.com\/cirque24.fr\/wp-content\/uploads\/2026\/02\/Design-sans-titre-13.png?fit=848%2C488&ssl=1&resize=525%2C300 1.5x, https:\/\/i0.wp.com\/cirque24.fr\/wp-content\/uploads\/2026\/02\/Design-sans-titre-13.png?fit=848%2C488&ssl=1&resize=700%2C400 2x"},"classes":[]},{"id":1869,"url":"https:\/\/cirque24.fr\/?page_id=1869","url_meta":{"origin":71,"position":5},"title":"Qui sommes nous ?","author":"admin4641","date":"03\/09\/2025","format":false,"excerpt":"L'\u00c9cole de Cirque de Boulazac est une association dirig\u00e9e par un Conseil d'Administration (CA). Cet organe central assure le bon fonctionnement de l'\u00e9cole et la coh\u00e9rence avec notre projet initial : rendre le cirque accessible \u00e0 tous. Les membres du CA sont \u00e9lus pour un mandat de trois ans par\u2026","rel":"","context":"Article similaire","block_context":{"text":"Article similaire","link":""},"img":{"alt_text":"","src":"","width":0,"height":0},"classes":[]}],"jetpack_sharing_enabled":true,"_links":{"self":[{"href":"https:\/\/cirque24.fr\/index.php?rest_route=\/wp\/v2\/pages\/71","targetHints":{"allow":["GET"]}}],"collection":[{"href":"https:\/\/cirque24.fr\/index.php?rest_route=\/wp\/v2\/pages"}],"about":[{"href":"https:\/\/cirque24.fr\/index.php?rest_route=\/wp\/v2\/types\/page"}],"author":[{"embeddable":true,"href":"https:\/\/cirque24.fr\/index.php?rest_route=\/wp\/v2\/users\/1"}],"replies":[{"embeddable":true,"href":"https:\/\/cirque24.fr\/index.php?rest_route=%2Fwp%2Fv2%2Fcomments&post=71"}],"version-history":[{"count":0,"href":"https:\/\/cirque24.fr\/index.php?rest_route=\/wp\/v2\/pages\/71\/revisions"}],"wp:featuredmedia":[{"embeddable":true,"href":"https:\/\/cirque24.fr\/index.php?rest_route=\/wp\/v2\/media\/1502"}],"wp:attachment":[{"href":"https:\/\/cirque24.fr\/index.php?rest_route=%2Fwp%2Fv2%2Fmedia&parent=71"}],"curies":[{"name":"wp","href":"https:\/\/api.w.org\/{rel}","templated":true}]}}